{"id":477,"date":"2021-01-27T11:17:06","date_gmt":"2021-01-27T10:17:06","guid":{"rendered":"http:\/\/lepassagedesgrives.com\/?page_id=477"},"modified":"2026-03-06T13:36:06","modified_gmt":"2026-03-06T12:36:06","slug":"tarifs","status":"publish","type":"page","link":"https:\/\/lepassagedesgrives.com\/index.php\/tarifs\/","title":{"rendered":"Tarifs"},"content":{"rendered":"<p>[vc_row row_type=\u00a0\u00bbrow\u00a0\u00bb use_row_as_full_screen_section=\u00a0\u00bbno\u00a0\u00bb type=\u00a0\u00bbfull_width\u00a0\u00bb text_align=\u00a0\u00bbleft\u00a0\u00bb background_animation=\u00a0\u00bbnone\u00a0\u00bb padding_top=\u00a0\u00bb100&Prime; css_animation=\u00a0\u00bb\u00a0\u00bb][vc_column][vc_column_text][\/vc_column_text][\/vc_column][\/vc_row][vc_row row_type=\u00a0\u00bbrow\u00a0\u00bb use_row_as_full_screen_section=\u00a0\u00bbno\u00a0\u00bb type=\u00a0\u00bbfull_width\u00a0\u00bb text_align=\u00a0\u00bbleft\u00a0\u00bb background_animation=\u00a0\u00bbnone\u00a0\u00bb padding_top=\u00a0\u00bb100&Prime; padding_bottom=\u00a0\u00bb50&Prime; css_animation=\u00a0\u00bb\u00a0\u00bb][vc_column][vc_single_image image=\u00a0\u00bb675&Prime; img_size=\u00a0\u00bb2560&#215;1488&Prime; alignment=\u00a0\u00bbcenter\u00a0\u00bb qode_css_animation=\u00a0\u00bb\u00a0\u00bb][\/vc_column][\/vc_row][vc_row row_type=\u00a0\u00bbrow\u00a0\u00bb use_row_as_full_screen_section=\u00a0\u00bbno\u00a0\u00bb type=\u00a0\u00bbfull_width\u00a0\u00bb text_align=\u00a0\u00bbleft\u00a0\u00bb background_animation=\u00a0\u00bbnone\u00a0\u00bb padding_bottom=\u00a0\u00bb100&Prime; css_animation=\u00a0\u00bb\u00a0\u00bb][vc_column][vc_column_text]Ces chambres sont des locations en <strong>chambres d&rsquo;h\u00f4tes, <\/strong>c&rsquo;est \u00e0 dire avec le service de petits d\u00e9jeuners inclus et possibilit\u00e9 de <a href=\"http:\/\/lepassagedesgrives.com\/index.php\/portfolio_page\/table-dhotes\/\">d\u00eeners d&rsquo;h\u00f4tes<\/a> (36\u20ac\/personne). La location peut se faire \u00e0 la nuit\u00e9e mais les longs weekends (jours f\u00e9ri\u00e9s) nous demandons une r\u00e9servation de 3 nuits minimum.<\/p>\n<p>&nbsp;<\/p>\n<p style=\"text-align: center;\">Tous les prix indiqu\u00e9s s&rsquo;entendent hors taxe de s\u00e9jour (1\u20ac \/ jour \/ personne).<\/p>\n<p style=\"text-align: center;\">*Saison 1 : Mars, Avril et Octobre<br \/>\nSaison 2: Mai, Juin, Juillet Ao\u00fbt et Septembre.<\/p>\n<p style=\"text-align: center;\">** Animaux admis sous conditions d&rsquo;un accord pr\u00e9alable<\/p>\n<p style=\"text-align: center;\"><strong>Les arriv\u00e9es se font \u00e0 partir de 16h et les d\u00e9parts au plus tard \u00e0 11h.<\/strong><\/p>\n<p>[\/vc_column_text][\/vc_column][\/vc_row]<\/p>\n","protected":false},"excerpt":{"rendered":"<p>[vc_row row_type=\u00a0\u00bbrow\u00a0\u00bb use_row_as_full_screen_section=\u00a0\u00bbno\u00a0\u00bb type=\u00a0\u00bbfull_width\u00a0\u00bb text_align=\u00a0\u00bbleft\u00a0\u00bb background_animation=\u00a0\u00bbnone\u00a0\u00bb padding_top=\u00a0\u00bb100&Prime; css_animation=\u00a0\u00bb\u00a0\u00bb][vc_column][vc_column_text][\/vc_column_text][\/vc_column][\/vc_row][vc_row row_type=\u00a0\u00bbrow\u00a0\u00bb use_row_as_full_screen_section=\u00a0\u00bbno\u00a0\u00bb type=\u00a0\u00bbfull_width\u00a0\u00bb text_align=\u00a0\u00bbleft\u00a0\u00bb background_animation=\u00a0\u00bbnone\u00a0\u00bb padding_top=\u00a0\u00bb100&Prime; padding_bottom=\u00a0\u00bb50&Prime; css_animation=\u00a0\u00bb\u00a0\u00bb][vc_column][vc_single_image image=\u00a0\u00bb675&Prime; img_size=\u00a0\u00bb2560&#215;1488&Prime; alignment=\u00a0\u00bbcenter\u00a0\u00bb qode_css_animation=\u00a0\u00bb\u00a0\u00bb][\/vc_column][\/vc_row][vc_row row_type=\u00a0\u00bbrow\u00a0\u00bb use_row_as_full_screen_section=\u00a0\u00bbno\u00a0\u00bb type=\u00a0\u00bbfull_width\u00a0\u00bb text_align=\u00a0\u00bbleft\u00a0\u00bb background_animation=\u00a0\u00bbnone\u00a0\u00bb padding_bottom=\u00a0\u00bb100&Prime; css_animation=\u00a0\u00bb\u00a0\u00bb][vc_column][vc_column_text]Ces chambres sont des locations en chambres d&rsquo;h\u00f4tes, c&rsquo;est \u00e0 dire avec le service de petits d\u00e9jeuners inclus et&#8230;<\/p>\n","protected":false},"author":1,"featured_media":0,"parent":0,"menu_order":0,"comment_status":"closed","ping_status":"closed","template":"full_width.php","meta":[],"_links":{"self":[{"href":"https:\/\/lepassagedesgrives.com\/index.php\/wp-json\/wp\/v2\/pages\/477"}],"collection":[{"href":"https:\/\/lepassagedesgrives.com\/index.php\/wp-json\/wp\/v2\/pages"}],"about":[{"href":"https:\/\/lepassagedesgrives.com\/index.php\/wp-json\/wp\/v2\/types\/page"}],"author":[{"embeddable":true,"href":"https:\/\/lepassagedesgrives.com\/index.php\/wp-json\/wp\/v2\/users\/1"}],"replies":[{"embeddable":true,"href":"https:\/\/lepassagedesgrives.com\/index.php\/wp-json\/wp\/v2\/comments?post=477"}],"version-history":[{"count":58,"href":"https:\/\/lepassagedesgrives.com\/index.php\/wp-json\/wp\/v2\/pages\/477\/revisions"}],"predecessor-version":[{"id":679,"href":"https:\/\/lepassagedesgrives.com\/index.php\/wp-json\/wp\/v2\/pages\/477\/revisions\/679"}],"wp:attachment":[{"href":"https:\/\/lepassagedesgrives.com\/index.php\/wp-json\/wp\/v2\/media?parent=477"}],"curies":[{"name":"wp","href":"https:\/\/api.w.org\/{rel}","templated":true}]}}