{"id":290,"date":"2016-03-23T11:29:05","date_gmt":"2016-03-23T11:29:05","guid":{"rendered":"http:\/\/stockholm16.select-themes.com\/?page_id=4"},"modified":"2024-05-02T13:20:47","modified_gmt":"2024-05-02T11:20:47","slug":"home","status":"publish","type":"page","link":"https:\/\/lepassagedesgrives.com\/","title":{"rendered":"Accueil"},"content":{"rendered":"<p>[vc_row row_type=\u00a0\u00bbrow\u00a0\u00bb use_row_as_full_screen_section=\u00a0\u00bbno\u00a0\u00bb type=\u00a0\u00bbfull_width\u00a0\u00bb text_align=\u00a0\u00bbleft\u00a0\u00bb background_animation=\u00a0\u00bbnone\u00a0\u00bb padding_top=\u00a0\u00bb100&Prime; css_animation=\u00a0\u00bb\u00a0\u00bb][vc_column][vc_column_text][\/vc_column_text][\/vc_column][\/vc_row][vc_row row_type=\u00a0\u00bbrow\u00a0\u00bb use_row_as_full_screen_section=\u00a0\u00bbno\u00a0\u00bb type=\u00a0\u00bbgrid\u00a0\u00bb text_align=\u00a0\u00bbcenter\u00a0\u00bb background_animation=\u00a0\u00bbnone\u00a0\u00bb padding_top=\u00a0\u00bb90&Prime; padding_bottom=\u00a0\u00bb50&Prime; css_animation=\u00a0\u00bb\u00a0\u00bb][vc_column width=\u00a0\u00bb1\/3&Prime; offset=\u00a0\u00bbvc_col-lg-4&Prime;][vc_single_image image=\u00a0\u00bb353&Prime; img_size=\u00a0\u00bbfull\u00a0\u00bb qode_css_animation=\u00a0\u00bb\u00a0\u00bb][vc_empty_space height=\u00a0\u00bb46px\u00a0\u00bb][vc_column_text]<\/p>\n<h3>Des chambres spacieuses<\/h3>\n<p>[\/vc_column_text][vc_empty_space height=\u00a0\u00bb18px\u00a0\u00bb][vc_column_text]<\/p>\n<div class=\"page\" title=\"Page 1\">\n<div class=\"layoutArea\">\n<div class=\"column\">\n<p>Des couleurs sobres, des mat\u00e9riaux naturels : pierre, chaux, argile. Des objets chin\u00e9s au gr\u00e9 de nos balades.<\/p>\n<\/div>\n<\/div>\n<\/div>\n<p>[\/vc_column_text][vc_empty_space height=\u00a0\u00bb40px\u00a0\u00bb][\/vc_column][vc_column width=\u00a0\u00bb1\/3&Prime; offset=\u00a0\u00bbvc_col-lg-4&Prime;][vc_single_image image=\u00a0\u00bb611&Prime; img_size=\u00a0\u00bbfull\u00a0\u00bb qode_css_animation=\u00a0\u00bb\u00a0\u00bb][vc_empty_space height=\u00a0\u00bb46px\u00a0\u00bb][vc_column_text]<\/p>\n<h3>Claire, Fabrice &amp; Nook !<\/h3>\n<p>[\/vc_column_text][vc_empty_space height=\u00a0\u00bb18px\u00a0\u00bb][vc_column_text]<\/p>\n<div class=\"page\" title=\"Page 1\">\n<div class=\"layoutArea\">\n<div class=\"column\">\n<p>Nous serons ravis de vous recevoir chez nous et de vous faire d\u00e9couvrir la r\u00e9gion !<\/p>\n<\/div>\n<\/div>\n<\/div>\n<p>[\/vc_column_text][vc_empty_space height=\u00a0\u00bb40px\u00a0\u00bb][\/vc_column][vc_column width=\u00a0\u00bb1\/3&Prime;][vc_single_image image=\u00a0\u00bb354&Prime; img_size=\u00a0\u00bbfull\u00a0\u00bb qode_css_animation=\u00a0\u00bb\u00a0\u00bb][vc_empty_space height=\u00a0\u00bb46px\u00a0\u00bb][vc_column_text]<\/p>\n<h3>Un cadre unique<\/h3>\n<p>[\/vc_column_text][vc_empty_space height=\u00a0\u00bb18px\u00a0\u00bb][vc_column_text]<\/p>\n<div class=\"page\" title=\"Page 1\">\n<div class=\"layoutArea\">\n<div class=\"column\">\n<p>Venez d\u00e9couvrir une vue imprenable sur\u00a0le Vercors et les 3 becs, entre Valence et Mont\u00e9limar dans la vall\u00e9e de la Dr\u00f4me.<\/p>\n<\/div>\n<\/div>\n<\/div>\n<p>[\/vc_column_text][vc_empty_space height=\u00a0\u00bb40px\u00a0\u00bb][\/vc_column][\/vc_row][vc_row row_type=\u00a0\u00bbrow\u00a0\u00bb use_row_as_full_screen_section=\u00a0\u00bbno\u00a0\u00bb type=\u00a0\u00bbgrid\u00a0\u00bb text_align=\u00a0\u00bbleft\u00a0\u00bb background_animation=\u00a0\u00bbnone\u00a0\u00bb padding_top=\u00a0\u00bb106&Prime; padding_bottom=\u00a0\u00bb84&Prime; css_animation=\u00a0\u00bb\u00a0\u00bb css=\u00a0\u00bb.vc_custom_1459415769598{background-color: #f7f7f7 !important;}\u00a0\u00bb][vc_column offset=\u00a0\u00bbvc_col-lg-6&Prime;][vc_row_inner row_type=\u00a0\u00bbrow\u00a0\u00bb type=\u00a0\u00bbfull_width\u00a0\u00bb use_row_as_full_screen_section_slide=\u00a0\u00bbno\u00a0\u00bb text_align=\u00a0\u00bbright\u00a0\u00bb css_animation=\u00a0\u00bb\u00a0\u00bb][vc_column_inner][qode_elements_holder number_of_columns=\u00a0\u00bbone_column\u00a0\u00bb][qode_elements_holder_item item_padding=\u00a0\u00bb0 9% 0 0&Prime;][vc_column_text el_class=\u00a0\u00bbcustom_font_resize\u00a0\u00bb]<\/p>\n<h3>Le Passage Des Grives<\/h3>\n<p>[\/vc_column_text][vc_empty_space height=\u00a0\u00bb2px\u00a0\u00bb][vc_column_text]<\/p>\n<h4>Maison d&rsquo;h\u00f4tes<\/h4>\n<p>[\/vc_column_text][vc_empty_space height=\u00a0\u00bb26px\u00a0\u00bb][vc_single_image image=\u00a0\u00bb314&Prime; img_size=\u00a0\u00bblarge\u00a0\u00bb alignment=\u00a0\u00bbright\u00a0\u00bb qode_css_animation=\u00a0\u00bb\u00a0\u00bb][vc_empty_space height=\u00a0\u00bb40px\u00a0\u00bb][\/qode_elements_holder_item][\/qode_elements_holder][\/vc_column_inner][\/vc_row_inner][\/vc_column][vc_column offset=\u00a0\u00bbvc_col-lg-6&Prime;][vc_empty_space height=\u00a0\u00bb80px\u00a0\u00bb][vc_column_text]<\/p>\n<p style=\"text-align: left;\">Originaire de Lyon \u00e0 la recherche d\u2019une grande b\u00e2tisse \u00e0 r\u00e9nover. Nous avons eu un v\u00e9ritable coup de foudre pour cette ancienne ferme, il ne restait que les murs mais nous avons tout de suite compris le potentiel ! Apr\u00e8s quatre ans de travaux, nous venons d\u2019achever la restauration. Des couleurs sobres, des mat\u00e9riaux naturels : pierre, chaux, argile. Des objets chin\u00e9s au gr\u00e9 de nos ballades.<\/p>\n<div class=\"page\" style=\"text-align: left;\" title=\"Page 1\">\n<div class=\"layoutArea\">\n<div class=\"column\">\n<p>Des chambres d\u2019h\u00f4tes spacieuses. Un cadre unique, vue imprenable sur<br \/>\nle Vercors et les 3 becs, entre Valence et Mont\u00e9limar dans la vall\u00e9e de la Dr\u00f4me.<br \/>\nUn endroit pour se ressourcer, pour \u00e9couter la nature et aussi partir \u00e0 la rencontre de nombreux producteurs locaux, de belles expos, des concerts, des ballades, etc.<\/p>\n<\/div>\n<\/div>\n<\/div>\n<p><img class=\"alignleft\" \/>[\/vc_column_text][vc_empty_space height=\u00a0\u00bb40px\u00a0\u00bb][\/vc_column][\/vc_row][vc_row row_type=\u00a0\u00bbrow\u00a0\u00bb use_row_as_full_screen_section=\u00a0\u00bbno\u00a0\u00bb type=\u00a0\u00bbfull_width\u00a0\u00bb text_align=\u00a0\u00bbleft\u00a0\u00bb background_animation=\u00a0\u00bbnone\u00a0\u00bb padding_top=\u00a0\u00bb100&Prime; css_animation=\u00a0\u00bb\u00a0\u00bb][vc_column width=\u00a0\u00bb1\/4&Prime;]<div class='q_icon_with_title   with_custom_icon'><div class=\"icon_holder \" style=\"margin: -7px 41px 120px 0; \"><div class=\"icon_holder_inner\"><img width=\"50\" height=\"35\" src=\"https:\/\/lepassagedesgrives.com\/wp-content\/uploads\/2016\/03\/Icon-1.png\" class=\"attachment-full size-full\" alt=\"m\" loading=\"lazy\" \/><\/div><\/div><div class=\"icon_text_holder\" style=\"\"><div class=\"icon_text_inner\" style=\"\"><h5 class=\"icon_title\" style=\"\">Acc\u00e8s WiFi<\/h5><p style=''>Le wifi est accessible dans toute la maison. Mais il peut \u00eatre capricieux !<\/p><\/div><\/div><\/div>[\/vc_column][vc_column width=\u00a0\u00bb1\/4&Prime;]<div class='q_icon_with_title   with_custom_icon'><div class=\"icon_holder \" style=\"margin: -7px 41px 120px 0; \"><div class=\"icon_holder_inner\"><img width=\"46\" height=\"46\" src=\"https:\/\/lepassagedesgrives.com\/wp-content\/uploads\/2016\/03\/Icon-5.png\" class=\"attachment-full size-full\" alt=\"m\" loading=\"lazy\" \/><\/div><\/div><div class=\"icon_text_holder\" style=\"\"><div class=\"icon_text_inner\" style=\"\"><h5 class=\"icon_title\" style=\"\">Table d'h\u00f4tes<\/h5><p style=''>Nous serons ravis de vous accueillir \u00e0 notre table d'h\u00f4tes. Sur demande (24h \u00e0 l'avance).<\/p><\/div><\/div><\/div>[\/vc_column][vc_column width=\u00a0\u00bb1\/4&Prime;]<div class='q_icon_with_title   with_custom_icon'><div class=\"icon_holder \" style=\"margin: -7px 41px 120px 0; \"><div class=\"icon_holder_inner\"><img width=\"47\" height=\"45\" src=\"https:\/\/lepassagedesgrives.com\/wp-content\/uploads\/2016\/03\/Icon-6.png\" class=\"attachment-full size-full\" alt=\"m\" loading=\"lazy\" \/><\/div><\/div><div class=\"icon_text_holder\" style=\"\"><div class=\"icon_text_inner\" style=\"\"><h5 class=\"icon_title\" style=\"\">Piscine<\/h5><p style=''>Vous aurez acc\u00e8s \u00e0 la piscine<\/p><\/div><\/div><\/div>[\/vc_column][vc_column width=\u00a0\u00bb1\/4&Prime;]<div class='q_icon_with_title   with_custom_icon'><div class=\"icon_holder \" style=\"margin: -7px 41px 120px 0; \"><div class=\"icon_holder_inner\"><img width=\"47\" height=\"45\" src=\"https:\/\/lepassagedesgrives.com\/wp-content\/uploads\/2021\/03\/Icone-Animaux.jpg\" class=\"attachment-full size-full\" alt=\"\" loading=\"lazy\" \/><\/div><\/div><div class=\"icon_text_holder\" style=\"\"><div class=\"icon_text_inner\" style=\"\"><h5 class=\"icon_title\" style=\"\">Animaux<\/h5><p style=''>Les animaux sont admis apr\u00e8s un accord pr\u00e9alable<\/p><\/div><\/div><\/div>[\/vc_column][\/vc_row][vc_row row_type=\u00a0\u00bbrow\u00a0\u00bb use_row_as_full_screen_section=\u00a0\u00bbno\u00a0\u00bb type=\u00a0\u00bbfull_width\u00a0\u00bb text_align=\u00a0\u00bbleft\u00a0\u00bb background_animation=\u00a0\u00bbnone\u00a0\u00bb css_animation=\u00a0\u00bb\u00a0\u00bb][vc_column]<div class='qode_carousels_holder clearfix hover_overlay'><div class='qode_carousels ' data-number_of_items = 4><ul class='slides'><li class='item'><div class=\"carousel_item_holder\"><span class='first_image_holder '><img src='http:\/\/lepassagedesgrives.com\/wp-content\/uploads\/2021\/01\/Lepassagedesgrives_Maison-hotes_6.jpg' alt='1'><\/span><span class='carousel_image_overlay'><\/span><\/div><\/li><li class='item'><div class=\"carousel_item_holder\"><span class='first_image_holder '><img src='http:\/\/lepassagedesgrives.com\/wp-content\/uploads\/2021\/01\/Lepassagedesgrives_Maison-hotes_8.jpg' alt='2'><\/span><span class='carousel_image_overlay'><\/span><\/div><\/li><li class='item'><div class=\"carousel_item_holder\"><span class='first_image_holder '><img src='http:\/\/lepassagedesgrives.com\/wp-content\/uploads\/2020\/09\/Lepassagedesgrives_Maison-hotes_2.jpg' alt='3'><\/span><span class='carousel_image_overlay'><\/span><\/div><\/li><li class='item'><div class=\"carousel_item_holder\"><span class='first_image_holder '><img src='http:\/\/lepassagedesgrives.com\/wp-content\/uploads\/2021\/01\/Lepassagedesgrives_Maison-hotes_9.jpg' alt='4'><\/span><span class='carousel_image_overlay'><\/span><\/div><\/li><li class='item'><div class=\"carousel_item_holder\"><span class='first_image_holder '><img src='http:\/\/lepassagedesgrives.com\/wp-content\/uploads\/2020\/09\/Lepassagedesgrives_Maison-hotes_3.jpg' alt='5'><\/span><span class='carousel_image_overlay'><\/span><\/div><\/li><\/ul><\/div><\/div>[vc_empty_space height=\u00a0\u00bb100px\u00a0\u00bb][\/vc_column][\/vc_row]<\/p>\n","protected":false},"excerpt":{"rendered":"<p>[vc_row row_type=\u00a0\u00bbrow\u00a0\u00bb use_row_as_full_screen_section=\u00a0\u00bbno\u00a0\u00bb type=\u00a0\u00bbfull_width\u00a0\u00bb text_align=\u00a0\u00bbleft\u00a0\u00bb background_animation=\u00a0\u00bbnone\u00a0\u00bb padding_top=\u00a0\u00bb100&Prime; css_animation=\u00a0\u00bb\u00a0\u00bb][vc_column][vc_column_text][\/vc_column_text][\/vc_column][\/vc_row][vc_row row_type=\u00a0\u00bbrow\u00a0\u00bb use_row_as_full_screen_section=\u00a0\u00bbno\u00a0\u00bb type=\u00a0\u00bbgrid\u00a0\u00bb text_align=\u00a0\u00bbcenter\u00a0\u00bb background_animation=\u00a0\u00bbnone\u00a0\u00bb padding_top=\u00a0\u00bb90&Prime; padding_bottom=\u00a0\u00bb50&Prime; css_animation=\u00a0\u00bb\u00a0\u00bb][vc_column width=\u00a0\u00bb1\/3&Prime; offset=\u00a0\u00bbvc_col-lg-4&Prime;][vc_single_image image=\u00a0\u00bb353&Prime; img_size=\u00a0\u00bbfull\u00a0\u00bb qode_css_animation=\u00a0\u00bb\u00a0\u00bb][vc_empty_space height=\u00a0\u00bb46px\u00a0\u00bb][vc_column_text] Des chambres spacieuses [\/vc_column_text][vc_empty_space height=\u00a0\u00bb18px\u00a0\u00bb][vc_column_text] Des couleurs sobres, des mat\u00e9riaux naturels : pierre, chaux, argile. Des objets chin\u00e9s au gr\u00e9 de nos balades&#8230;.<\/p>\n","protected":false},"author":1,"featured_media":0,"parent":0,"menu_order":0,"comment_status":"closed","ping_status":"closed","template":"full_width.php","meta":[],"_links":{"self":[{"href":"https:\/\/lepassagedesgrives.com\/index.php\/wp-json\/wp\/v2\/pages\/290"}],"collection":[{"href":"https:\/\/lepassagedesgrives.com\/index.php\/wp-json\/wp\/v2\/pages"}],"about":[{"href":"https:\/\/lepassagedesgrives.com\/index.php\/wp-json\/wp\/v2\/types\/page"}],"author":[{"embeddable":true,"href":"https:\/\/lepassagedesgrives.com\/index.php\/wp-json\/wp\/v2\/users\/1"}],"replies":[{"embeddable":true,"href":"https:\/\/lepassagedesgrives.com\/index.php\/wp-json\/wp\/v2\/comments?post=290"}],"version-history":[{"count":41,"href":"https:\/\/lepassagedesgrives.com\/index.php\/wp-json\/wp\/v2\/pages\/290\/revisions"}],"predecessor-version":[{"id":674,"href":"https:\/\/lepassagedesgrives.com\/index.php\/wp-json\/wp\/v2\/pages\/290\/revisions\/674"}],"wp:attachment":[{"href":"https:\/\/lepassagedesgrives.com\/index.php\/wp-json\/wp\/v2\/media?parent=290"}],"curies":[{"name":"wp","href":"https:\/\/api.w.org\/{rel}","templated":true}]}}