{"id":162,"date":"2016-03-30T08:55:47","date_gmt":"2016-03-30T08:55:47","guid":{"rendered":"http:\/\/stockholm16.select-themes.com\/?page_id=162"},"modified":"2021-02-09T15:51:01","modified_gmt":"2021-02-09T14:51:01","slug":"rooms-special-offers","status":"publish","type":"page","link":"https:\/\/lepassagedesgrives.com\/index.php\/rooms-special-offers\/","title":{"rendered":"Les chambres"},"content":{"rendered":"<p>[vc_row row_type=\u00a0\u00bbrow\u00a0\u00bb use_row_as_full_screen_section=\u00a0\u00bbno\u00a0\u00bb type=\u00a0\u00bbgrid\u00a0\u00bb text_align=\u00a0\u00bbcenter\u00a0\u00bb background_animation=\u00a0\u00bbnone\u00a0\u00bb padding_top=\u00a0\u00bb55&Prime; padding_bottom=\u00a0\u00bb40&Prime; css_animation=\u00a0\u00bb\u00a0\u00bb][vc_column]<div class='projects_holder_outer v3  with_description_background  qode-filter-position-top'>\n\t\t\n\t<div class='projects_holder clearfix v3 standard portfolio_full_image '>\n\t\t<article class=\"mix portfolio_category_31\">\n    <div class='image_holder default_hover'>\n        \n<span class='image'><img width=\"1100\" height=\"823\" src=\"https:\/\/lepassagedesgrives.com\/wp-content\/uploads\/2016\/03\/Lepassagedesgrives_Maison-hote_Chambre2_1.jpg\" class=\"attachment-full size-full wp-post-image\" alt=\"\" loading=\"lazy\" srcset=\"https:\/\/lepassagedesgrives.com\/wp-content\/uploads\/2016\/03\/Lepassagedesgrives_Maison-hote_Chambre2_1.jpg 1100w, https:\/\/lepassagedesgrives.com\/wp-content\/uploads\/2016\/03\/Lepassagedesgrives_Maison-hote_Chambre2_1-300x224.jpg 300w, https:\/\/lepassagedesgrives.com\/wp-content\/uploads\/2016\/03\/Lepassagedesgrives_Maison-hote_Chambre2_1-1024x766.jpg 1024w, https:\/\/lepassagedesgrives.com\/wp-content\/uploads\/2016\/03\/Lepassagedesgrives_Maison-hote_Chambre2_1-768x575.jpg 768w, https:\/\/lepassagedesgrives.com\/wp-content\/uploads\/2016\/03\/Lepassagedesgrives_Maison-hote_Chambre2_1-800x600.jpg 800w, https:\/\/lepassagedesgrives.com\/wp-content\/uploads\/2016\/03\/Lepassagedesgrives_Maison-hote_Chambre2_1-700x524.jpg 700w, https:\/\/lepassagedesgrives.com\/wp-content\/uploads\/2016\/03\/Lepassagedesgrives_Maison-hote_Chambre2_1-600x449.jpg 600w\" sizes=\"(max-width: 1100px) 100vw, 1100px\" \/><\/span>\n                    <a class='portfolio_link_class' href='https:\/\/lepassagedesgrives.com\/index.php\/portfolio_page\/beach-haven-resort\/' target='_self'><\/a>\n\t\t\n        <div class=\"portfolio_shader\"><\/div>\n\t\t<div class=\"icons_holder\">\n\t<div class=\"icons_holder_inner\">\n\t\t\t\t\t<\/div>\n<\/div>\n    <\/div>\n\n    <div class='portfolio_description with_padding text_align_center' style=background-color:#ffffff;&#039;>\n            <h4 class=\"portfolio_title\" ><a href=\"https:\/\/lepassagedesgrives.com\/index.php\/portfolio_page\/beach-haven-resort\/\" target=\"_self\"> La Chambre 2<\/a><\/h4>\n<h6 class=\"portfolio_subtitle\"> <\/h6>    <\/div>\n<\/article>\n<article class=\"mix portfolio_category_31\">\n    <div class='image_holder default_hover'>\n        \n<span class='image'><img width=\"1100\" height=\"823\" src=\"https:\/\/lepassagedesgrives.com\/wp-content\/uploads\/2016\/03\/Lepassagedesgrives_Maison-hote_Chambre3_1-1.jpg\" class=\"attachment-full size-full wp-post-image\" alt=\"\" loading=\"lazy\" srcset=\"https:\/\/lepassagedesgrives.com\/wp-content\/uploads\/2016\/03\/Lepassagedesgrives_Maison-hote_Chambre3_1-1.jpg 1100w, https:\/\/lepassagedesgrives.com\/wp-content\/uploads\/2016\/03\/Lepassagedesgrives_Maison-hote_Chambre3_1-1-300x224.jpg 300w, https:\/\/lepassagedesgrives.com\/wp-content\/uploads\/2016\/03\/Lepassagedesgrives_Maison-hote_Chambre3_1-1-1024x766.jpg 1024w, https:\/\/lepassagedesgrives.com\/wp-content\/uploads\/2016\/03\/Lepassagedesgrives_Maison-hote_Chambre3_1-1-768x575.jpg 768w, https:\/\/lepassagedesgrives.com\/wp-content\/uploads\/2016\/03\/Lepassagedesgrives_Maison-hote_Chambre3_1-1-800x600.jpg 800w, https:\/\/lepassagedesgrives.com\/wp-content\/uploads\/2016\/03\/Lepassagedesgrives_Maison-hote_Chambre3_1-1-700x524.jpg 700w, https:\/\/lepassagedesgrives.com\/wp-content\/uploads\/2016\/03\/Lepassagedesgrives_Maison-hote_Chambre3_1-1-600x449.jpg 600w\" sizes=\"(max-width: 1100px) 100vw, 1100px\" \/><\/span>\n                    <a class='portfolio_link_class' href='https:\/\/lepassagedesgrives.com\/index.php\/portfolio_page\/chambre-3\/' target='_self'><\/a>\n\t\t\n        <div class=\"portfolio_shader\"><\/div>\n\t\t<div class=\"icons_holder\">\n\t<div class=\"icons_holder_inner\">\n\t\t\t\t\t<\/div>\n<\/div>\n    <\/div>\n\n    <div class='portfolio_description with_padding text_align_center' style=background-color:#ffffff;&#039;>\n            <h4 class=\"portfolio_title\" ><a href=\"https:\/\/lepassagedesgrives.com\/index.php\/portfolio_page\/chambre-3\/\" target=\"_self\"> La chambre 3<\/a><\/h4>\n<h6 class=\"portfolio_subtitle\"> <\/h6>    <\/div>\n<\/article>\n<article class=\"mix portfolio_category_31\">\n    <div class='image_holder default_hover'>\n        \n<span class='image'><img width=\"1100\" height=\"823\" src=\"https:\/\/lepassagedesgrives.com\/wp-content\/uploads\/2021\/01\/Lepassagedesgrives_Maison-hote_Chambre4_4.jpg\" class=\"attachment-full size-full wp-post-image\" alt=\"\" loading=\"lazy\" srcset=\"https:\/\/lepassagedesgrives.com\/wp-content\/uploads\/2021\/01\/Lepassagedesgrives_Maison-hote_Chambre4_4.jpg 1100w, https:\/\/lepassagedesgrives.com\/wp-content\/uploads\/2021\/01\/Lepassagedesgrives_Maison-hote_Chambre4_4-300x224.jpg 300w, https:\/\/lepassagedesgrives.com\/wp-content\/uploads\/2021\/01\/Lepassagedesgrives_Maison-hote_Chambre4_4-1024x766.jpg 1024w, https:\/\/lepassagedesgrives.com\/wp-content\/uploads\/2021\/01\/Lepassagedesgrives_Maison-hote_Chambre4_4-768x575.jpg 768w, https:\/\/lepassagedesgrives.com\/wp-content\/uploads\/2021\/01\/Lepassagedesgrives_Maison-hote_Chambre4_4-800x600.jpg 800w, https:\/\/lepassagedesgrives.com\/wp-content\/uploads\/2021\/01\/Lepassagedesgrives_Maison-hote_Chambre4_4-700x524.jpg 700w, https:\/\/lepassagedesgrives.com\/wp-content\/uploads\/2021\/01\/Lepassagedesgrives_Maison-hote_Chambre4_4-600x449.jpg 600w\" sizes=\"(max-width: 1100px) 100vw, 1100px\" \/><\/span>\n                    <a class='portfolio_link_class' href='https:\/\/lepassagedesgrives.com\/index.php\/portfolio_page\/la-chambre-4\/' target='_self'><\/a>\n\t\t\n        <div class=\"portfolio_shader\"><\/div>\n\t\t<div class=\"icons_holder\">\n\t<div class=\"icons_holder_inner\">\n\t\t\t\t\t<\/div>\n<\/div>\n    <\/div>\n\n    <div class='portfolio_description with_padding text_align_center' style=background-color:#ffffff;&#039;>\n            <h4 class=\"portfolio_title\" ><a href=\"https:\/\/lepassagedesgrives.com\/index.php\/portfolio_page\/la-chambre-4\/\" target=\"_self\"> La chambre 4<\/a><\/h4>\n<h6 class=\"portfolio_subtitle\"> <\/h6>    <\/div>\n<\/article>\n<article class=\"mix portfolio_category_31\">\n    <div class='image_holder default_hover'>\n        \n<span class='image'><img width=\"1100\" height=\"823\" src=\"https:\/\/lepassagedesgrives.com\/wp-content\/uploads\/2021\/01\/Lepassagedesgrives_Maison-hote_Chambre5_1-1.jpg\" class=\"attachment-full size-full wp-post-image\" alt=\"\" loading=\"lazy\" srcset=\"https:\/\/lepassagedesgrives.com\/wp-content\/uploads\/2021\/01\/Lepassagedesgrives_Maison-hote_Chambre5_1-1.jpg 1100w, https:\/\/lepassagedesgrives.com\/wp-content\/uploads\/2021\/01\/Lepassagedesgrives_Maison-hote_Chambre5_1-1-300x224.jpg 300w, https:\/\/lepassagedesgrives.com\/wp-content\/uploads\/2021\/01\/Lepassagedesgrives_Maison-hote_Chambre5_1-1-1024x766.jpg 1024w, https:\/\/lepassagedesgrives.com\/wp-content\/uploads\/2021\/01\/Lepassagedesgrives_Maison-hote_Chambre5_1-1-768x575.jpg 768w, https:\/\/lepassagedesgrives.com\/wp-content\/uploads\/2021\/01\/Lepassagedesgrives_Maison-hote_Chambre5_1-1-800x600.jpg 800w, https:\/\/lepassagedesgrives.com\/wp-content\/uploads\/2021\/01\/Lepassagedesgrives_Maison-hote_Chambre5_1-1-700x524.jpg 700w, https:\/\/lepassagedesgrives.com\/wp-content\/uploads\/2021\/01\/Lepassagedesgrives_Maison-hote_Chambre5_1-1-600x449.jpg 600w\" sizes=\"(max-width: 1100px) 100vw, 1100px\" \/><\/span>\n                    <a class='portfolio_link_class' href='https:\/\/lepassagedesgrives.com\/index.php\/portfolio_page\/la-chambre-5\/' target='_self'><\/a>\n\t\t\n        <div class=\"portfolio_shader\"><\/div>\n\t\t<div class=\"icons_holder\">\n\t<div class=\"icons_holder_inner\">\n\t\t\t\t\t<\/div>\n<\/div>\n    <\/div>\n\n    <div class='portfolio_description with_padding text_align_center' style=background-color:#ffffff;&#039;>\n            <h4 class=\"portfolio_title\" ><a href=\"https:\/\/lepassagedesgrives.com\/index.php\/portfolio_page\/la-chambre-5\/\" target=\"_self\"> La chambre 5<\/a><\/h4>\n<h6 class=\"portfolio_subtitle\"> <\/h6>    <\/div>\n<\/article>\n<article class=\"mix portfolio_category_31\">\n    <div class='image_holder default_hover'>\n        \n<span class='image'><img width=\"1100\" height=\"823\" src=\"https:\/\/lepassagedesgrives.com\/wp-content\/uploads\/2016\/03\/Lepassagedesgrives_Maison-hote_Chambre6_6.jpg\" class=\"attachment-full size-full wp-post-image\" alt=\"\" loading=\"lazy\" srcset=\"https:\/\/lepassagedesgrives.com\/wp-content\/uploads\/2016\/03\/Lepassagedesgrives_Maison-hote_Chambre6_6.jpg 1100w, https:\/\/lepassagedesgrives.com\/wp-content\/uploads\/2016\/03\/Lepassagedesgrives_Maison-hote_Chambre6_6-300x224.jpg 300w, https:\/\/lepassagedesgrives.com\/wp-content\/uploads\/2016\/03\/Lepassagedesgrives_Maison-hote_Chambre6_6-1024x766.jpg 1024w, https:\/\/lepassagedesgrives.com\/wp-content\/uploads\/2016\/03\/Lepassagedesgrives_Maison-hote_Chambre6_6-768x575.jpg 768w, https:\/\/lepassagedesgrives.com\/wp-content\/uploads\/2016\/03\/Lepassagedesgrives_Maison-hote_Chambre6_6-800x600.jpg 800w, https:\/\/lepassagedesgrives.com\/wp-content\/uploads\/2016\/03\/Lepassagedesgrives_Maison-hote_Chambre6_6-700x524.jpg 700w, https:\/\/lepassagedesgrives.com\/wp-content\/uploads\/2016\/03\/Lepassagedesgrives_Maison-hote_Chambre6_6-600x449.jpg 600w\" sizes=\"(max-width: 1100px) 100vw, 1100px\" \/><\/span>\n                    <a class='portfolio_link_class' href='https:\/\/lepassagedesgrives.com\/index.php\/portfolio_page\/chambre-6\/' target='_self'><\/a>\n\t\t\n        <div class=\"portfolio_shader\"><\/div>\n\t\t<div class=\"icons_holder\">\n\t<div class=\"icons_holder_inner\">\n\t\t\t\t\t<\/div>\n<\/div>\n    <\/div>\n\n    <div class='portfolio_description with_padding text_align_center' style=background-color:#ffffff;&#039;>\n            <h4 class=\"portfolio_title\" ><a href=\"https:\/\/lepassagedesgrives.com\/index.php\/portfolio_page\/chambre-6\/\" target=\"_self\"> La chambre 6<\/a><\/h4>\n<h6 class=\"portfolio_subtitle\"> <\/h6>    <\/div>\n<\/article>\n\t\t\t\t\t<div class='filler'><\/div>\n\t\t\t\t\t\t\t\t\t<div class='filler'><\/div>\n\t\t\t\t\t\t\t\t\t<div class='filler'><\/div>\n\t\t\t\t\t<\/div>\n\t<\/div>\n[\/vc_column][\/vc_row][vc_row row_type=\u00a0\u00bbrow\u00a0\u00bb use_row_as_full_screen_section=\u00a0\u00bbno\u00a0\u00bb type=\u00a0\u00bbgrid\u00a0\u00bb text_align=\u00a0\u00bbleft\u00a0\u00bb background_animation=\u00a0\u00bbnone\u00a0\u00bb padding_top=\u00a0\u00bb108&Prime; padding_bottom=\u00a0\u00bb76&Prime; css_animation=\u00a0\u00bb\u00a0\u00bb css=\u00a0\u00bb.vc_custom_1459331205276{background-color: #f9f9f9 !important;}\u00a0\u00bb][vc_column offset=\u00a0\u00bbvc_col-md-9&Prime;][vc_column_text]<\/p>\n<h4><span style=\"color: #1b1b1b;\"><span style=\"caret-color: #1b1b1b;\">Partez \u00e0 la d\u00e9couverte de la Dr\u00f4me, r\u00e9servez votre s\u00e9jour<\/span><\/span><\/h4>\n<p>[\/vc_column_text][vc_empty_space height=\u00a0\u00bb24px\u00a0\u00bb][vc_column_text css=\u00a0\u00bb.vc_custom_1601466725888{padding-right: 10% !important;}\u00a0\u00bb]<\/p>\n<div class=\"page\" title=\"Page 1\">\n<div class=\"layoutArea\">\n<div class=\"column\">\n<p>Des chambres d\u2019h\u00f4tes spacieuses. Un cadre unique, vue imprenable sur<br \/>\nle Vercors et les 3 becs, entre Valence et Mont\u00e9limar dans la vall\u00e9e de la Dr\u00f4me.<br \/>\nUn endroit pour se ressourcer, pour \u00e9couter la nature et aussi partir \u00e0 la rencontre de nombreux producteurs locaux, de belles expos, des concerts, des ballades, etc.<\/p>\n<\/div>\n<\/div>\n<\/div>\n<p>[\/vc_column_text][vc_empty_space height=\u00a0\u00bb40px\u00a0\u00bb][\/vc_column][vc_column width=\u00a0\u00bb3\/12&Prime;][vc_empty_space height=\u00a0\u00bb18px\u00a0\u00bb]<a href=\"#\" target=\"_self\" data-hover-background-color=#282828 data-hover-border-color=#282828 data-hover-color=#ffffff class=\"qbutton  small\" style=\"color: #282828; border-color: #282828; margin: 0 0 0 0; \">R\u00e9servez votre chambre<\/a>[vc_empty_space][\/vc_column][\/vc_row]<\/p>\n","protected":false},"excerpt":{"rendered":"<p>[vc_row row_type=\u00a0\u00bbrow\u00a0\u00bb use_row_as_full_screen_section=\u00a0\u00bbno\u00a0\u00bb type=\u00a0\u00bbgrid\u00a0\u00bb text_align=\u00a0\u00bbcenter\u00a0\u00bb background_animation=\u00a0\u00bbnone\u00a0\u00bb padding_top=\u00a0\u00bb55&Prime; padding_bottom=\u00a0\u00bb40&Prime; css_animation=\u00a0\u00bb\u00a0\u00bb][vc_column][\/vc_column][\/vc_row][vc_row row_type=\u00a0\u00bbrow\u00a0\u00bb use_row_as_full_screen_section=\u00a0\u00bbno\u00a0\u00bb type=\u00a0\u00bbgrid\u00a0\u00bb text_align=\u00a0\u00bbleft\u00a0\u00bb background_animation=\u00a0\u00bbnone\u00a0\u00bb padding_top=\u00a0\u00bb108&Prime; padding_bottom=\u00a0\u00bb76&Prime; css_animation=\u00a0\u00bb\u00a0\u00bb css=\u00a0\u00bb.vc_custom_1459331205276{background-color: #f9f9f9 !important;}\u00a0\u00bb][vc_column offset=\u00a0\u00bbvc_col-md-9&Prime;][vc_column_text] Partez \u00e0 la d\u00e9couverte de la Dr\u00f4me, r\u00e9servez votre s\u00e9jour [\/vc_column_text][vc_empty_space height=\u00a0\u00bb24px\u00a0\u00bb][vc_column_text css=\u00a0\u00bb.vc_custom_1601466725888{padding-right: 10% !important;}\u00a0\u00bb] Des chambres d\u2019h\u00f4tes spacieuses. Un cadre unique, vue imprenable&#8230;<\/p>\n","protected":false},"author":1,"featured_media":0,"parent":0,"menu_order":0,"comment_status":"closed","ping_status":"closed","template":"full_width.php","meta":[],"_links":{"self":[{"href":"https:\/\/lepassagedesgrives.com\/index.php\/wp-json\/wp\/v2\/pages\/162"}],"collection":[{"href":"https:\/\/lepassagedesgrives.com\/index.php\/wp-json\/wp\/v2\/pages"}],"about":[{"href":"https:\/\/lepassagedesgrives.com\/index.php\/wp-json\/wp\/v2\/types\/page"}],"author":[{"embeddable":true,"href":"https:\/\/lepassagedesgrives.com\/index.php\/wp-json\/wp\/v2\/users\/1"}],"replies":[{"embeddable":true,"href":"https:\/\/lepassagedesgrives.com\/index.php\/wp-json\/wp\/v2\/comments?post=162"}],"version-history":[{"count":15,"href":"https:\/\/lepassagedesgrives.com\/index.php\/wp-json\/wp\/v2\/pages\/162\/revisions"}],"predecessor-version":[{"id":584,"href":"https:\/\/lepassagedesgrives.com\/index.php\/wp-json\/wp\/v2\/pages\/162\/revisions\/584"}],"wp:attachment":[{"href":"https:\/\/lepassagedesgrives.com\/index.php\/wp-json\/wp\/v2\/media?parent=162"}],"curies":[{"name":"wp","href":"https:\/\/api.w.org\/{rel}","templated":true}]}}